{"id":82,"date":"2025-04-13T03:49:47","date_gmt":"2025-04-13T03:49:47","guid":{"rendered":"https:\/\/www.visados.es\/?page_id=82"},"modified":"2025-04-13T03:50:12","modified_gmt":"2025-04-13T03:50:12","slug":"politica-de-privacidad","status":"publish","type":"page","link":"https:\/\/www.visados.es\/blog\/politica-de-privacidad\/","title":{"rendered":"Pol\u00edtica de privacidad"},"content":{"rendered":"\n<h2 class=\"wp-block-heading\"><a href=\"https:\/\/www.visados.es\/privacidad.php\">Privacidad<\/a><\/h2>\n\n\n\n<p>Politica de Privacidad en Visados.es<\/p>\n\n\n\n<h2 class=\"wp-block-heading\">Condiciones de Privacidad<\/h2>\n\n\n\n<p>Todos los Usuarios tienen reconocidos los derechos de acceso, cancelaci\u00f3n, rectificaci\u00f3n y oposici\u00f3n, as\u00ed como el derecho a ser informados de las cesiones realizadas, respecto de sus Datos Personales. El Usuario, o su representante legal, podr\u00e1 ejercitar estos derechos mediante nuestra p\u00e1gina de contacto, en la siguiente direcci\u00f3n:&nbsp;<a href=\"https:\/\/www.visados.es\/contacto.php\">Contacto<\/a><\/p>\n\n\n\n<p>GEONIS, S.L., con domicilio en C\/Berenisa n\u00ba14, 2 izq, 28023 de Madrid, con n\u00famero de C.I.F: B-85399483, inscrita en el Registro Mercantil de Madrid al tomo 17.359, folio 100, hoja M-357495, inscripci\u00f3n 1\u00aa. (en adelante, La Propiedad) es titular del sitio web: Visados.es (en adelante Nuestro Sitio Web).<\/p>\n\n\n\n<p>A efectos de lo dispuesto en la normativa vigente relativa a la protecci\u00f3n de datos de car\u00e1cter personal, GEONIS S.L.le informa que sus datos pueden ser incorporados a un fichero automatizado de datos de car\u00e1cter personal, creado bajo la responsabilidad de GEONIS S.L., con la finalidad de ofrecerle un servicio m\u00e1s personalizado, \u00e1gil y eficaz.<\/p>\n\n\n\n<p>Nuestro sitio web se compromete al cumplimiento de su obligaci\u00f3n de secreto de los datos de car\u00e1cter personal y de su deber de guardarlos, y adoptar\u00e1 las medidas necesarias para evitar su alteraci\u00f3n, p\u00e9rdida, tratamiento o acceso no autorizado, habida cuenta en todo momento del estado de la tecnolog\u00eda.<\/p>\n\n\n\n<p><strong>Control de las IP<\/strong><\/p>\n\n\n\n<p>Nuestro sitio web puede guardar la IP de su navegador, para hacer un seguimiento estadistico del uso de nuestro portal.<\/p>\n\n\n\n<p>Nuestro sitio web provee de herramientas eficientes para que usted controle y gestione el contenido al que est\u00e1 suscrito y que le facilitan la gesti\u00f3n de la lista de contenidos, pudi\u00e9ndose dar de alta o baja mediante las mismas herramientas autom\u00e1ticas de gesti\u00f3n.<\/p>\n\n\n\n<h1 class=\"wp-block-heading\">Cookies: que son, uso y eliminaci\u00f3n<\/h1>\n\n\n\n<p>Este website usa las cookies para guardar la informaci\u00f3n sobre su ordenador local. Estas cookies no contienen otra informaci\u00f3n que usted ha introducido anteriormente. Las cookies se usar\u00e1n para poder prestar un mejor servicio y mejorar su comodidad en el uso de nuestro sitio web.<\/p>\n\n\n\n<p>Se podr\u00e1 utilizar cookies para personalizar y facilitar al m\u00e1ximo la navegaci\u00f3n del USUARIO por nuestro Sitio Web. Las cookies se asocian \u00fanicamente a un USUARIO an\u00f3nimo o registrado y su ordenador y no proporcionan referencias que permitan deducir datos personales del USUARIO. El USUARIO podr\u00e1 configurar su navegador para que notifique y rechace la instalaci\u00f3n de las cookies enviadas, aunque ello puede perjudicar la posibilidad del USUARIO de acceder a los Contenidos y su personalizaci\u00f3n.<\/p>\n\n\n\n<p><strong>COOKIES DE REGISTRO:<\/strong>&nbsp;Las Cookies de registro se generan una vez que el Usuario se ha registrado o posteriormente ha abierto su sesi\u00f3n, y se utilizan para identificarle en los Servicios de nuestra web con los siguientes objetivos:<\/p>\n\n\n\n<p>\u2022 Mantener al Usuario identificado de forma que, si cierra un Servicio, el navegador o el ordenador y en otro momento u otro d\u00eda vuelve a entrar en dicho Servicio, seguir\u00e1 identificado, facilitando as\u00ed su navegaci\u00f3n sin tener que volver a identificarse. Esta funcionalidad se puede suprimir si el Usuario pulsa la funcionalidad \u201ccerrar sesi\u00f3n\u201d, de forma que esta Cookie se elimina y la pr\u00f3xima vez que entre en el Servicio el Usuario tendr\u00e1 que iniciar sesi\u00f3n para estar identificado.<br>\u2022 Comprobar si el Usuario est\u00e1 autorizado para acceder a ciertos Servicios, por ejemplo, para participar en un concurso.<\/p>\n\n\n\n<p>Adicionalmente, algunos Servicios pueden utilizar conectores con redes sociales tales como Facebook o Twitter. Cuando el Usuario se registra en un Servicio con credenciales de una red social, autoriza a la red social a guardar una Cookie persistente que recuerda su identidad y le garantiza acceso a los Servicios hasta que expira. El Usuario puede borrar esta Cookie y revocar el acceso a los Servicios mediante redes sociales actualizando sus preferencias en la red social que espec\u00edfica.<\/p>\n\n\n\n<p><strong>COOKIES DE ANAL\u00cdTICAS:<\/strong>&nbsp;Cada vez que un Usuario visita un Servicio, una herramienta de un proveedor externo (Google Analytics genera una Cookie anal\u00edtica en el ordenador del Usuario. Esta Cookie que s\u00f3lo se genera en la visita, servir\u00e1 en pr\u00f3ximas visitas a los servicios de nuestra web para identificar de forma an\u00f3nima al visitante. Los objetivos principales que se persiguen son:<br>\u2022 Permitir la identificaci\u00f3n an\u00f3nima de los Usuarios navegantes a trav\u00e9s de la \u201cCookie\u201d (identifica navegadores y dispositivos, no personas) y por lo tanto la contabilizaci\u00f3n aproximada del n\u00famero de visitantes y su tendencia en el tiempo.<br>\u2022 Identificar de forma an\u00f3nima los contenidos m\u00e1s visitados y por lo tanto m\u00e1s atractivos para los Usuarios<br>\u2022 Saber si el Usuario que est\u00e1 accediendo es nuevo o repite visita.<\/p>\n\n\n\n<p>Dichas Cookies s\u00f3lo ser\u00e1n utilizadas con prop\u00f3sitos estad\u00edsticos que ayuden a la optimizaci\u00f3n y mejora de la experiencia de los Usuarios en el sitio.<br>M\u00e1s informaci\u00f3n sobre la pol\u00edtica de privacidad de estas herramientas en:<br><a href=\"https:\/\/policies.google.com\/privacy?hl=es\" target=\"_blank\" rel=\"noreferrer noopener\">policies.google.com\/privacy?hl=es<\/a><\/p>\n\n\n\n<p><strong>COOKIES DE PUBLICIDAD:<\/strong>&nbsp;Este tipo de \u201cCookies\u201d permiten ampliar la informaci\u00f3n de los anuncios mostrados a cada Usuario an\u00f3nimo. Entre otros, se almacena la duraci\u00f3n o frecuencia de visualizaci\u00f3n de posiciones publicitarias, la interacci\u00f3n con las mismas, o los patrones de navegaci\u00f3n y\/o comportamientos del Usuario ya que ayudan a conformar un perfil de inter\u00e9s publicitario. De este modo, permiten ofrecer publicidad af\u00edn a los intereses del Usuario.<\/p>\n\n\n\n<p>Las empresas que generan estas Cookies tienen sus propias pol\u00edticas de privacidad. En la actualidad, utilizamos publicidad de los siguientes proveedores:<\/p>\n\n\n\n<p>\u2013 La plataforma Doubleclick y Adsense (Google) para gestionar estos servicios publicitarios.<br>Para m\u00e1s informaci\u00f3n, acuda a&nbsp;<a href=\"https:\/\/support.google.com\/dfp_premium\/answer\/2839090?hl=en&amp;ref_topic=7395141\" target=\"_blank\" rel=\"noreferrer noopener\">support.google.com\/dfp\u2026 ic=7395141<\/a>&nbsp;y a&nbsp;<a href=\"https:\/\/policies.google.com\/privacy?hl=es&amp;gl=es\" target=\"_blank\" rel=\"noreferrer noopener\">policies.google.com\/pr\u2026 l=es&amp;gl=es<\/a><\/p>\n\n\n\n<p><strong>Condiciones generales de uso<\/strong><\/p>\n\n\n\n<p>1) DATOS IDENTIFICATIVOS : En cumplimiento con el deber de informaci\u00f3n recogido en art\u00edculo 10 de la Ley 34\/2002, de 11 de julio, de Servicios de la Sociedad de la Informaci\u00f3n y del Comercio Electr\u00f3nico, a continuaci\u00f3n se reflejan los siguientes datos: La empresa titular de esta website es GEONIS, cuyos datos se encuentran reflejados en el encabezamiento de este documento.<br>Con correo electr\u00f3nico de contacto Aviso_Legal@geonis.org<\/p>\n\n\n\n<p>2) USUARIOS : El acceso y\/o uso de los portales de GEONIS atribuye la condici\u00f3n de USUARIO, que acepta, desde dicho acceso y\/o uso, las Condiciones Generales de Uso aqu\u00ed reflejadas. Las citadas Condiciones ser\u00e1n de aplicaci\u00f3n independientemente de las Condiciones Generales de Contrataci\u00f3n que en su caso resulten de obligado cumplimiento.<br>3) USO DEL PORTAL : Nuestro sitio web proporciona el acceso a multitud de informaciones, servicios, programas o datos (en adelante, \u201clos contenidos\u201d) en Internet pertenecientes a La Propiedad de este sitio web o a sus Asociados a los que el USUARIO pueda tener acceso.<\/p>\n\n\n\n<p>El USUARIO asume la responsabilidad del uso de nuestros sitio web. Dicha responsabilidad se extiende al registro que fuese necesario para acceder a determinados servicios o contenidos. En dicho registro el USUARIO ser\u00e1 responsable de aportar informaci\u00f3n veraz y l\u00edcita. Como consecuencia de este registro, al USUARIO se le puede proporcionar una contrase\u00f1a de la que ser\u00e1 responsable, comprometi\u00e9ndose a hacer un uso diligente y confidencial de la misma.<\/p>\n\n\n\n<p>El USUARIO se compromete a hacer un uso adecuado de los contenidos y servicios (como por ejemplo: foros de discusi\u00f3n, servicios de chat o grupos de noticias) que GEONIS ofrece a trav\u00e9s de sus websites y con car\u00e1cter enunciativo pero no limitativo, a no emplearlos para (i) incurrir en actividades il\u00edcitas, ilegales o contrarias a la buena fe y al orden p\u00fablico; (ii) difundir contenidos o propaganda de car\u00e1cter racista, xen\u00f3fobo, pornogr\u00e1fico-ilegal, de apolog\u00eda del terrorismo o atentatorio contra los derechos humanos; (iii) provocar da\u00f1os en los sistemas f\u00edsicos y l\u00f3gicos de GEONIS, de sus proveedores o de terceras personas, introducir o difundir en la red virus inform\u00e1ticos o cualesquiera otros sistemas f\u00edsicos o l\u00f3gicos que sean susceptibles de provocar los da\u00f1os anteriormente mencionados; (iv) intentar acceder y, en su caso, utilizar las cuentas de correo electr\u00f3nico de otros usuarios y modificar o manipular sus mensajes.<br>Nuestros sitio web se reserva el derecho de retirar todos aquellos comentarios y aportaciones que vulneren el respeto a la dignidad de la persona, que sean discriminatorios, xen\u00f3fobos, racistas, pornogr\u00e1ficos, que atenten contra la juventud o la infancia, el orden o la seguridad p\u00fablica o que, a su juicio, no resultaran adecuados para su publicaci\u00f3n..<br>En cualquier caso, La Propiedad de este sitio web no ser\u00e1 responsable de las opiniones vertidas por los usuarios a trav\u00e9s de los foros, chats, u otras herramientas de participaci\u00f3n.<br>4) PROPIEDAD INTELECTUAL E INDUSTRIAL : La Propiedad de este sitio web por s\u00ed o como cesionaria, es titular de todos los derechos de propiedad intelectual e industrial de sus p\u00e1ginas webs, as\u00ed como de los elementos contenidos en el mismo (a t\u00edtulo enunciativo, im\u00e1genes, sonido, audio, v\u00eddeo, software o textos; marcas o logotipos, combinaciones de colores, estructura y dise\u00f1o, selecci\u00f3n de materiales usados, programas de ordenador necesarios para su funcionamiento, acceso y uso, etc\u2026), titularidad de La Propiedad de este sitio web o bien de sus licenciantes.<br>Todos los derechos reservados. En virtud de lo dispuesto en los art\u00edculos 8 y 32.1, p\u00e1rrafo segundo, de la Ley de Propiedad Intelectual, quedan expresamente prohibidas la reproducci\u00f3n, la distribuci\u00f3n y la comunicaci\u00f3n publica, incluida su modalidad de puesta a disposici\u00f3n, de la totalidad o parte de los contenidos de esta p\u00e1gina web, con fines comerciales, en cualquier soporte y por cualquier medio t\u00e9cnico, sin la autorizaci\u00f3n de GEONIS. El USUARIO se compromete a respetar los derechos de Propiedad Intelectual e Industrial titularidad de La Propiedad de este sitio web. Podr\u00e1 visualizar los elementos de las diferentes websites e incluso imprimirlos, copiarlos y almacenarlos en el disco duro de su ordenador o en cualquier otro soporte f\u00edsico siempre y cuando sea, \u00fanica y exclusivamente, para su uso personal y privado. El USUARIO deber\u00e1 abstenerse de suprimir, alterar, eludir o manipular cualquier dispositivo de protecci\u00f3n o sistema de seguridad que estuviera instalado en el las p\u00e1ginas de Nuestro sitio web.<br>5) EXCLUSI\u00d3N DE GARANT\u00cdAS Y RESPONSABILIDAD : la Propiedad de nuestro sitio web no se hace responsable, en ning\u00fan caso, de los da\u00f1os y perjuicios de cualquier naturaleza que pudieran ocasionar, a t\u00edtulo enunciativo: errores u omisiones en los contenidos, falta de disponibilidad del portal o la transmisi\u00f3n de virus o programas maliciosos o lesivos en los contenidos, a pesar de haber adoptado todas las medidas tecnol\u00f3gicas necesarias para evitarlo.<br>6) MODIFICACIONES : Nuestro sitio web se reserva el derecho de efectuar sin previo aviso las modificaciones que considere oportunas en sus websites, pudiendo cambiar, suprimir o a\u00f1adir tanto los contenidos y servicios que se presten a trav\u00e9s de la misma como la forma en la que \u00e9stos aparezcan presentados o localizados en sus websites<br>7) EMPLEO DE COOKIES : Nuestro sitio web podr\u00e1 utilizar cookies para personalizar y facilitar al m\u00e1ximo la navegaci\u00f3n del USUARIO por sus websites. Las cookies se asocian \u00fanicamente a un USUARIO an\u00f3nimo o registrado y su ordenador y no proporcionan referencias que permitan deducir datos personales del USUARIO. El USUARIO podr\u00e1 configurar su navegador para que notifique y rechace la instalaci\u00f3n de las cookies enviadas por nuestro sitio web, aunque ello puede perjudicar la posibilidad del USUARIO de acceder a los Contenidos. Y su personalizaci\u00f3n<br>8) ENLACES : En el caso de que en las websites se dispusiesen enlaces o hiperv\u00ednculos hac\u00eda otros sitios de Internet, nuestros sitio web no ejercer\u00e1 ning\u00fan tipo de control sobre dichos sitios y contenidos.<br>En ning\u00fan caso La Propiedad de este sitio web asumir\u00e1 responsabilidad alguna por los contenidos de alg\u00fan enlace perteneciente a un sitio web ajeno, ni garantizar\u00e1 la disponibilidad t\u00e9cnica, calidad, fiabilidad, exactitud, amplitud, veracidad, validez y constitucionalidad de cualquier material o informaci\u00f3n contenida en ninguno de dichos hiperv\u00ednculos u otros sitios de Internet.<br>Igualmente la inclusi\u00f3n de estas conexiones externas no implicar\u00e1 ning\u00fan tipo de asociaci\u00f3n, fusi\u00f3n o participaci\u00f3n con las entidades conectadas.<br>9) DERECHO DE EXCLUSI\u00d3N: Nuestro sitio web se reserva el derecho a denegar o retirar el acceso a nuestros contenidos y\/o los servicios ofrecidos sin necesidad de preaviso, a instancia propia o de un tercero, a aquellos usuarios que incumplan las presentes Condiciones Generales de Uso.<br>10) GENERALIDADES : Nuestro sitio web perseguir\u00e1 el incumplimiento de las presentes condiciones as\u00ed como cualquier utilizaci\u00f3n indebida de sus websites ejerciendo todas las acciones civiles y penales que le puedan corresponder en derecho.<br>11) MODIFICACI\u00d3N DE LAS PRESENTES CONDICIONES Y DURACI\u00d3N:<br>La Propiedad de este sitio web podr\u00e1 modificar en cualquier momento las condiciones aqu\u00ed determinadas, siendo debidamente publicadas como aqu\u00ed aparecen. La vigencia de las citadas condiciones ir\u00e1 en funci\u00f3n de su exposici\u00f3n y estar\u00e1n vigentes hasta que sean modificadas por otras debidamente publicadas.<br>12) LEGISLACI\u00d3N APLICABLE Y JURISDICCI\u00d3N: La relaci\u00f3n entre La Propiedad de este sitio web y el USUARIO se regir\u00e1 por la normativa espa\u00f1ola vigente y cualquier controversia se someter\u00e1 a los Juzgados y tribunales de la ciudad de Madrid.<\/p>\n\n\n\n<h2 class=\"wp-block-heading\">D\u00f3nde ejercer los Derechos de Cancelaci\u00f3n, Rectificaci\u00f3n de Datos Personales<\/h2>\n\n\n\n<p><strong>Podr\u00e1 ejercer sus derechos de acceso, rectificaci\u00f3n o supresi\u00f3n, limitaci\u00f3n, portabilidad y oposici\u00f3n al tratamiento de sus datos personales<\/strong>&nbsp;mediante escrito dirigido a nuestro domicilio postal: GEONIS S.L., C\/ BERENISA, 14, 2\u00ba IZQUIERDA, 28023, MADRID, MADRID, Tel. 913570707 o a la direcci\u00f3n de correo electr\u00f3nico (mediante un email a Aviso_Legal @geonis.org ). La mayor\u00eda de los casos son resueltos de una forma r\u00e1pida y eficaz. Le recomendamos como v\u00edas de contacto \u00e1gil y r\u00e1pido el email, como m\u00e9todo de resoluci\u00f3n r\u00e1pida de conflictos, lo cual no excluye que nosotros o usted podamos exigir el uso de la v\u00eda que establece la LOPD y la RGPD ( Reglamento (UE) 2016\/679), para requerir los derechos que dicha ley le otorga, en las condiciones que ella establece.<\/p>\n\n\n\n<p>El Usuario adem\u00e1s tiene derecho a formular una queja o reclamaci\u00f3n ante la Agencia Espa\u00f1ola de Protecci\u00f3n de Datos (<a href=\"http:\/\/www.agpd.es\/\" target=\"_blank\" rel=\"noreferrer noopener\">www.agpd.es<\/a>) si considera que sus derechos han sido violados.<\/p>\n\n\n\n<p>Se podr\u00e1 pedir la eliminaci\u00f3n de los datos personales, por parte del usuario, identific\u00e1ndose con Nombre, apellidos y DNI, mediante la determinaci\u00f3n del dato personal introducido por el usuario y el lugar donde \u00e9ste lo deposit\u00f3.<\/p>\n\n\n\n<p>No olvide al identificarse, dejar un modo de contacto para que nosotros podamos atenderlo y ponernos en contacto con usted en el plazo m\u00e1s breve posible.<\/p>\n\n\n\n<p>El usuario podr\u00e1 plantear quejas, reclamaciones y sugerencias relativas al tratamiento de sus datos personales, as\u00ed como ejercer sus derechos. Para ello, el Usuario podr\u00e1 dirigirse a la siguiente direcci\u00f3n de correo electr\u00f3nico: aviso_legal@geonis.org<\/p>\n\n\n\n<h2 class=\"wp-block-heading\">\u00bfPuedo darme de alta o baja de su web?<\/h2>\n\n\n\n<p>No se puede. No tenemos ni altas, ni consiguientemente bajas.<\/p>\n\n\n\n<p>Atentamente el equipo de Visados.es<\/p>\n","protected":false},"excerpt":{"rendered":"<p>Privacidad Politica de Privacidad en Visados.es Condiciones de Privacidad Todos los Usuarios tienen reconocidos los derechos de acceso, cancelaci\u00f3n, rectificaci\u00f3n y oposici\u00f3n, as\u00ed como el derecho a ser informados de las cesiones realizadas, respecto de sus Datos Personales. El Usuario, o su representante legal, podr\u00e1 ejercitar estos derechos mediante nuestra p\u00e1gina de contacto, en la &hellip; <a href=\"https:\/\/www.visados.es\/blog\/politica-de-privacidad\/\" class=\"more-link\">Continuar leyendo<span class=\"screen-reader-text\"> &#8220;Pol\u00edtica de privacidad&#8221;<\/span><\/a><\/p>\n","protected":false},"author":1,"featured_media":0,"parent":0,"menu_order":0,"comment_status":"closed","ping_status":"closed","template":"","meta":{"footnotes":""},"class_list":["post-82","page","type-page","status-publish","hentry"],"yoast_head":"<!-- This site is optimized with the Yoast SEO plugin v27.5 - https:\/\/yoast.com\/product\/yoast-seo-wordpress\/ -->\n<title>Pol\u00edtica de privacidad - Visados.es<\/title>\n<meta name=\"robots\" content=\"index, follow, max-snippet:-1, max-image-preview:large, max-video-preview:-1\" \/>\n<link rel=\"canonical\" href=\"https:\/\/www.visados.es\/blog\/politica-de-privacidad\/\" \/>\n<meta property=\"og:locale\" content=\"es_ES\" \/>\n<meta property=\"og:type\" content=\"article\" \/>\n<meta property=\"og:title\" content=\"Pol\u00edtica de privacidad - Visados.es\" \/>\n<meta property=\"og:description\" content=\"Privacidad Politica de Privacidad en Visados.es Condiciones de Privacidad Todos los Usuarios tienen reconocidos los derechos de acceso, cancelaci\u00f3n, rectificaci\u00f3n y oposici\u00f3n, as\u00ed como el derecho a ser informados de las cesiones realizadas, respecto de sus Datos Personales. El Usuario, o su representante legal, podr\u00e1 ejercitar estos derechos mediante nuestra p\u00e1gina de contacto, en la &hellip; Continuar leyendo &quot;Pol\u00edtica de privacidad&quot;\" \/>\n<meta property=\"og:url\" content=\"https:\/\/www.visados.es\/blog\/politica-de-privacidad\/\" \/>\n<meta property=\"og:site_name\" content=\"Visados.es\" \/>\n<meta property=\"article:modified_time\" content=\"2025-04-13T03:50:12+00:00\" \/>\n<meta name=\"twitter:card\" content=\"summary_large_image\" \/>\n<meta name=\"twitter:label1\" content=\"Tiempo de lectura\" \/>\n\t<meta name=\"twitter:data1\" content=\"11 minutos\" \/>\n<!-- \/ Yoast SEO plugin. -->","yoast_head_json":{"title":"Pol\u00edtica de privacidad - Visados.es","robots":{"index":"index","follow":"follow","max-snippet":"max-snippet:-1","max-image-preview":"max-image-preview:large","max-video-preview":"max-video-preview:-1"},"canonical":"https:\/\/www.visados.es\/blog\/politica-de-privacidad\/","og_locale":"es_ES","og_type":"article","og_title":"Pol\u00edtica de privacidad - Visados.es","og_description":"Privacidad Politica de Privacidad en Visados.es Condiciones de Privacidad Todos los Usuarios tienen reconocidos los derechos de acceso, cancelaci\u00f3n, rectificaci\u00f3n y oposici\u00f3n, as\u00ed como el derecho a ser informados de las cesiones realizadas, respecto de sus Datos Personales. El Usuario, o su representante legal, podr\u00e1 ejercitar estos derechos mediante nuestra p\u00e1gina de contacto, en la &hellip; Continuar leyendo \"Pol\u00edtica de privacidad\"","og_url":"https:\/\/www.visados.es\/blog\/politica-de-privacidad\/","og_site_name":"Visados.es","article_modified_time":"2025-04-13T03:50:12+00:00","twitter_card":"summary_large_image","twitter_misc":{"Tiempo de lectura":"11 minutos"},"schema":{"@context":"https:\/\/schema.org","@graph":[{"@type":"WebPage","@id":"https:\/\/www.visados.es\/blog\/politica-de-privacidad\/","url":"https:\/\/www.visados.es\/blog\/politica-de-privacidad\/","name":"Pol\u00edtica de privacidad - Visados.es","isPartOf":{"@id":"https:\/\/www.visados.es\/blog\/#website"},"datePublished":"2025-04-13T03:49:47+00:00","dateModified":"2025-04-13T03:50:12+00:00","breadcrumb":{"@id":"https:\/\/www.visados.es\/blog\/politica-de-privacidad\/#breadcrumb"},"inLanguage":"es","potentialAction":[{"@type":"ReadAction","target":["https:\/\/www.visados.es\/blog\/politica-de-privacidad\/"]}]},{"@type":"BreadcrumbList","@id":"https:\/\/www.visados.es\/blog\/politica-de-privacidad\/#breadcrumb","itemListElement":[{"@type":"ListItem","position":1,"name":"Portada","item":"https:\/\/www.visados.es\/blog\/"},{"@type":"ListItem","position":2,"name":"Pol\u00edtica de privacidad"}]},{"@type":"WebSite","@id":"https:\/\/www.visados.es\/blog\/#website","url":"https:\/\/www.visados.es\/blog\/","name":"Visados.es","description":"Todo lo que necesita saber sobre Visados y Pasaportes, normativa legal, expedici\u00f3n de pasaportes y visas, tr\u00e1mites administrativos, solicitud de visados, tasas consulares, seguridad en el pa\u00eds, vacunas obligatorias.","publisher":{"@id":"https:\/\/www.visados.es\/blog\/#organization"},"potentialAction":[{"@type":"SearchAction","target":{"@type":"EntryPoint","urlTemplate":"https:\/\/www.visados.es\/blog\/?s={search_term_string}"},"query-input":{"@type":"PropertyValueSpecification","valueRequired":true,"valueName":"search_term_string"}}],"inLanguage":"es"},{"@type":"Organization","@id":"https:\/\/www.visados.es\/blog\/#organization","name":"Visados.es","url":"https:\/\/www.visados.es\/blog\/","logo":{"@type":"ImageObject","inLanguage":"es","@id":"https:\/\/www.visados.es\/blog\/#\/schema\/logo\/image\/","url":"https:\/\/www.visados.es\/blog\/wp-content\/uploads\/2025\/03\/logo.gif","contentUrl":"https:\/\/www.visados.es\/blog\/wp-content\/uploads\/2025\/03\/logo.gif","width":200,"height":90,"caption":"Visados.es"},"image":{"@id":"https:\/\/www.visados.es\/blog\/#\/schema\/logo\/image\/"}}]}},"_links":{"self":[{"href":"https:\/\/www.visados.es\/blog\/wp-json\/wp\/v2\/pages\/82","targetHints":{"allow":["GET"]}}],"collection":[{"href":"https:\/\/www.visados.es\/blog\/wp-json\/wp\/v2\/pages"}],"about":[{"href":"https:\/\/www.visados.es\/blog\/wp-json\/wp\/v2\/types\/page"}],"author":[{"embeddable":true,"href":"https:\/\/www.visados.es\/blog\/wp-json\/wp\/v2\/users\/1"}],"replies":[{"embeddable":true,"href":"https:\/\/www.visados.es\/blog\/wp-json\/wp\/v2\/comments?post=82"}],"version-history":[{"count":1,"href":"https:\/\/www.visados.es\/blog\/wp-json\/wp\/v2\/pages\/82\/revisions"}],"predecessor-version":[{"id":105,"href":"https:\/\/www.visados.es\/blog\/wp-json\/wp\/v2\/pages\/82\/revisions\/105"}],"wp:attachment":[{"href":"https:\/\/www.visados.es\/blog\/wp-json\/wp\/v2\/media?parent=82"}],"curies":[{"name":"wp","href":"https:\/\/api.w.org\/{rel}","templated":true}]}}